{"id":768,"date":"2021-05-19T09:09:27","date_gmt":"2021-05-19T07:09:27","guid":{"rendered":"https:\/\/www.isnd.be\/primaire\/?page_id=768"},"modified":"2021-05-21T11:35:35","modified_gmt":"2021-05-21T09:35:35","slug":"parascolaire","status":"publish","type":"page","link":"https:\/\/www.isnd.be\/primaire\/parascolaire\/","title":{"rendered":"Parascolaire"},"content":{"rendered":"<p>D\u00e8s la rentr\u00e9e prochaine, notre \u00e9cole accueillera en ses locaux l&rsquo;asbl Candy Schools qui y dispensera des ateliers extrascolaires d&rsquo;anglais ou de n\u00e9erlandais aux enfants de 5 \u00e0 13 ans. Cotisation annuelle : 190\u20ac (pour une heure\/semaine). Cours le mercredi apr\u00e8s-midi selon un horaire \u00e0 pr\u00e9ciser.<\/p>\n<p>Renseignements et inscriptions sur le site : www.candyschools.com<\/p>\n<p>Contact : candyschools@scarlet.be ou au 02\/344.61.04<\/p>\n<p><a href=\"https:\/\/www.isnd.be\/primaire\/wp-content\/uploads\/2021\/05\/Candyschools.pdf\">Candyschools<\/a><\/p>\n<p>Par ailleurs, l&rsquo;asbl Chess Champions proposera aux \u00e9l\u00e8ves de d\u00e9couvrir ou d&rsquo;approfondir les in\u00e9puisables richesses du jeu d&rsquo;\u00e9checs. Cours et tournois seront propos\u00e9s chaque mardi de 12h35 \u00e0 13h20. Cotisation annuelle : 155\u20ac (pour 26 cours sur l&rsquo;ann\u00e9e).<\/p>\n<p>Plus de renseignements seront distribu\u00e9s en septembre mais sont d\u00e9j\u00e0 consultables ici : <a href=\"http:\/\/www.chesschampions.be\">http:\/\/www.chesschampions.be<\/a><\/p>\n<p><img loading=\"lazy\" decoding=\"async\" data-attachment-id=\"785\" data-permalink=\"https:\/\/www.isnd.be\/primaire\/parascolaire\/chess-champions\/\" data-orig-file=\"https:\/\/www.isnd.be\/primaire\/wp-content\/uploads\/2021\/05\/Chess-Champions.png\" data-orig-size=\"1436,276\" data-comments-opened=\"0\" data-image-meta=\"{&quot;aperture&quot;:&quot;0&quot;,&quot;credit&quot;:&quot;&quot;,&quot;camera&quot;:&quot;&quot;,&quot;caption&quot;:&quot;&quot;,&quot;created_timestamp&quot;:&quot;0&quot;,&quot;copyright&quot;:&quot;&quot;,&quot;focal_length&quot;:&quot;0&quot;,&quot;iso&quot;:&quot;0&quot;,&quot;shutter_speed&quot;:&quot;0&quot;,&quot;title&quot;:&quot;&quot;,&quot;orientation&quot;:&quot;0&quot;}\" data-image-title=\"Chess Champions\" data-image-description=\"\" data-image-caption=\"\" data-large-file=\"https:\/\/www.isnd.be\/primaire\/wp-content\/uploads\/2021\/05\/Chess-Champions-1024x197.png\" class=\"alignnone size-medium wp-image-785\" src=\"https:\/\/www.isnd.be\/primaire\/wp-content\/uploads\/2021\/05\/Chess-Champions-300x58.png\" alt=\"\" width=\"300\" height=\"58\" srcset=\"https:\/\/www.isnd.be\/primaire\/wp-content\/uploads\/2021\/05\/Chess-Champions-300x58.png 300w, https:\/\/www.isnd.be\/primaire\/wp-content\/uploads\/2021\/05\/Chess-Champions-1024x197.png 1024w, https:\/\/www.isnd.be\/primaire\/wp-content\/uploads\/2021\/05\/Chess-Champions-768x148.png 768w, https:\/\/www.isnd.be\/primaire\/wp-content\/uploads\/2021\/05\/Chess-Champions.png 1436w\" sizes=\"auto, (max-width: 300px) 100vw, 300px\" \/><\/p>\n","protected":false},"excerpt":{"rendered":"<p>D\u00e8s la rentr\u00e9e prochaine, notre \u00e9cole accueillera en ses locaux l&rsquo;asbl Candy Schools qui y dispensera des ateliers extrascolaires d&rsquo;anglais ou de n\u00e9erlandais aux enfants de 5 \u00e0 13 ans. Cotisation annuelle : 190\u20ac (pour une heure\/semaine). Cours le mercredi apr\u00e8s-midi selon un horaire \u00e0 pr\u00e9ciser. Renseignements et inscriptions sur le site : www.candyschools.com Contact [&hellip;]<\/p>\n","protected":false},"author":10,"featured_media":779,"parent":0,"menu_order":0,"comment_status":"closed","ping_status":"closed","template":"","meta":{"jetpack_post_was_ever_published":false,"footnotes":""},"class_list":["post-768","page","type-page","status-publish","has-post-thumbnail","hentry"],"jetpack_sharing_enabled":true,"jetpack_shortlink":"https:\/\/wp.me\/Paec1s-co","_links":{"self":[{"href":"https:\/\/www.isnd.be\/primaire\/wp-json\/wp\/v2\/pages\/768","targetHints":{"allow":["GET"]}}],"collection":[{"href":"https:\/\/www.isnd.be\/primaire\/wp-json\/wp\/v2\/pages"}],"about":[{"href":"https:\/\/www.isnd.be\/primaire\/wp-json\/wp\/v2\/types\/page"}],"author":[{"embeddable":true,"href":"https:\/\/www.isnd.be\/primaire\/wp-json\/wp\/v2\/users\/10"}],"replies":[{"embeddable":true,"href":"https:\/\/www.isnd.be\/primaire\/wp-json\/wp\/v2\/comments?post=768"}],"version-history":[{"count":5,"href":"https:\/\/www.isnd.be\/primaire\/wp-json\/wp\/v2\/pages\/768\/revisions"}],"predecessor-version":[{"id":786,"href":"https:\/\/www.isnd.be\/primaire\/wp-json\/wp\/v2\/pages\/768\/revisions\/786"}],"wp:featuredmedia":[{"embeddable":true,"href":"https:\/\/www.isnd.be\/primaire\/wp-json\/wp\/v2\/media\/779"}],"wp:attachment":[{"href":"https:\/\/www.isnd.be\/primaire\/wp-json\/wp\/v2\/media?parent=768"}],"curies":[{"name":"wp","href":"https:\/\/api.w.org\/{rel}","templated":true}]}}