{"id":51,"date":"2018-09-02T18:06:56","date_gmt":"2018-09-02T16:06:56","guid":{"rendered":"https:\/\/www.isnd.be\/primaire\/?page_id=51"},"modified":"2023-07-24T14:28:16","modified_gmt":"2023-07-24T12:28:16","slug":"coordonnees","status":"publish","type":"page","link":"https:\/\/www.isnd.be\/primaire\/coordonnees\/","title":{"rendered":"Coordonn\u00e9es"},"content":{"rendered":"<h2>Pour contacter l&rsquo;ISND primaire, vous pouvez joindre <strong>la direction ou son secr\u00e9tariat<\/strong><\/h2>\r\n<h3>1. <u>pendant les heures d&rsquo;ouverture de l&rsquo;\u00e9cole<\/u>,\u00a0 par <strong>t\u00e9l\u00e9phone<\/strong>:<\/h3>\r\n<p>Au num\u00e9ro g\u00e9n\u00e9ral : <strong>02 521 26 65<\/strong><\/p>\r\n<p>La Direction Madame V\u00e9ronique MALLETTE, au 02 528 08 60 ou<\/p>\r\n<p>au 0490 118 032<br \/>La Secr\u00e9taire Madame Nora ZEFZAF, au 02 528 08 61<\/p>\r\n<h3>2. pendant les p\u00e9riodes de cours (<u>hors cong\u00e9s et vacances scolaires<\/u>), par <strong>courriel<\/strong>:<\/h3>\r\n<p>Direction: <a href=\"mailto:primaire.direction@isnd.be\">primaire.<\/a><a href=\"mailto:primaire.direction@isnd.be\">direction<\/a><a href=\"mailto:direction.primaire@isnd.be\">@isnd.be<\/a><br \/>Secr\u00e9tariat: <a href=\"mailto:secretariat.primaire@isnd.be\">secretariat.primaire@isnd.be<\/a> ou <a href=\"mailto:nzefzaf@isnd.be\">nzefzaf@isnd.be<\/a><\/p>\r\n<p>Elles tenteront de vous r\u00e9pondre dans un d\u00e9lai de 48 heures ouvrables.<\/p>\r\n<h3>3. par courrier postal:<\/h3>\r\n<p>ISND &#8211; Section primaire<br \/>rue de la D\u00e9mocratie 10<br \/>1070\u00a0\u00a0\u00a0 ANDERLECHT<\/p>\r\n<hr \/>\r\n<h3>Pour contacter la responsable de l&rsquo;accueil temps libre<\/h3>\r\n<p><span id=\"page31R_mcid50\" class=\"markedContent\"><span dir=\"ltr\" role=\"presentation\">048<\/span><span dir=\"ltr\" role=\"presentation\">3<\/span><span dir=\"ltr\" role=\"presentation\">\/<\/span><span dir=\"ltr\" role=\"presentation\">733.502<\/span><\/span><\/p>\r\n<h3>Pour contacter un enseignant:<\/h3>\r\n<p>Merci de privil\u00e9gier\u00a0 le journal de classe ou le mail au secr\u00e9tariat\/ \u00e0 la direction qui transmettra \u00e0 l&rsquo;enseignant concern\u00e9.<\/p>\r\n<p>&nbsp;<\/p>\r\n<hr \/><hr \/>\r\n<h3><strong>O\u00f9 sommes-nous?<\/strong><\/h3>\r\n<p><iframe loading=\"lazy\" src=\"https:\/\/www.google.com\/maps\/embed?pb=!1m14!1m8!1m3!1d629.9682334329382!2d4.3070159!3d50.8335175!3m2!1i1024!2i768!4f13.1!3m3!1m2!1s0x47c3c41e0c27bbe5%3A0x8170cc7255b66434!2sRue+de+la+D%C3%A9mocratie+10%2C+1070+Anderlecht%2C+Belgique!5e0!3m2!1sfr!2suk!4v1534925998174\" width=\"600\" height=\"450\" frameborder=\"0\" allowfullscreen=\"allowfullscreen\" data-mce-fragment=\"1\"><\/iframe><\/p>\r\n\r\n<p>&nbsp;<\/p>\r\n","protected":false},"excerpt":{"rendered":"<p>Pour contacter l&rsquo;ISND primaire, vous pouvez joindre la direction ou son secr\u00e9tariat 1. pendant les heures d&rsquo;ouverture de l&rsquo;\u00e9cole,\u00a0 par t\u00e9l\u00e9phone: Au num\u00e9ro g\u00e9n\u00e9ral : 02 521 26 65 La Direction Madame V\u00e9ronique MALLETTE, au 02 528 08 60 ou au 0490 118 032La Secr\u00e9taire Madame Nora ZEFZAF, au 02 528 08 61 2. pendant [&hellip;]<\/p>\n","protected":false},"author":1,"featured_media":0,"parent":0,"menu_order":0,"comment_status":"closed","ping_status":"closed","template":"","meta":{"jetpack_post_was_ever_published":false,"footnotes":""},"class_list":["post-51","page","type-page","status-publish","hentry"],"jetpack_sharing_enabled":true,"jetpack_shortlink":"https:\/\/wp.me\/Paec1s-P","_links":{"self":[{"href":"https:\/\/www.isnd.be\/primaire\/wp-json\/wp\/v2\/pages\/51","targetHints":{"allow":["GET"]}}],"collection":[{"href":"https:\/\/www.isnd.be\/primaire\/wp-json\/wp\/v2\/pages"}],"about":[{"href":"https:\/\/www.isnd.be\/primaire\/wp-json\/wp\/v2\/types\/page"}],"author":[{"embeddable":true,"href":"https:\/\/www.isnd.be\/primaire\/wp-json\/wp\/v2\/users\/1"}],"replies":[{"embeddable":true,"href":"https:\/\/www.isnd.be\/primaire\/wp-json\/wp\/v2\/comments?post=51"}],"version-history":[{"count":16,"href":"https:\/\/www.isnd.be\/primaire\/wp-json\/wp\/v2\/pages\/51\/revisions"}],"predecessor-version":[{"id":1491,"href":"https:\/\/www.isnd.be\/primaire\/wp-json\/wp\/v2\/pages\/51\/revisions\/1491"}],"wp:attachment":[{"href":"https:\/\/www.isnd.be\/primaire\/wp-json\/wp\/v2\/media?parent=51"}],"curies":[{"name":"wp","href":"https:\/\/api.w.org\/{rel}","templated":true}]}}