{"id":46,"date":"2018-09-02T18:04:30","date_gmt":"2018-09-02T16:04:30","guid":{"rendered":"https:\/\/www.isnd.be\/primaire\/?page_id=46"},"modified":"2024-02-23T14:17:42","modified_gmt":"2024-02-23T13:17:42","slug":"documents","status":"publish","type":"page","link":"https:\/\/www.isnd.be\/primaire\/documents\/","title":{"rendered":"Documents"},"content":{"rendered":"\n<p>Les documents suivants sont tous disponibles au format <em>pdf<\/em> (pour pouvoir les lire, le cas \u00e9ch\u00e9ant, <a href=\"https:\/\/get.adobe.com\/fr\/reader\/\">installez Acrobat Reader<\/a>; c&rsquo;est gratuit)<\/p>\n\n\n\n<hr class=\"wp-block-separator has-alpha-channel-opacity\"\/>\n\n\n\n<p><a href=\"https:\/\/www.isnd.be\/primaire\/wp-content\/uploads\/Documents\/Bulletindinformations2022-2023.pdf\">Le dernier Bulletin d&rsquo;Information (BI)<\/a><\/p>\n\n\n\n<hr class=\"wp-block-separator has-alpha-channel-opacity\"\/>\n\n\n\n<p>Projet \u00e9ducatif<\/p>\n\n\n\n<p><a href=\"https:\/\/www.isnd.be\/primaire\/wp-content\/uploads\/Documents\/ProjetEtablissement2017.pdf\">Projet d&rsquo;\u00e9tablissement<\/a><\/p>\n\n\n\n<p>R\u00e8glement d&rsquo;ordre int\u00e9rieur<a href=\"https:\/\/acrobat.adobe.com\/id\/urn:aaid:sc:EU:62f8e8cc-9510-4801-9db1-f0c3dac509e2\" data-type=\"link\" data-id=\"https:\/\/acrobat.adobe.com\/id\/urn:aaid:sc:EU:62f8e8cc-9510-4801-9db1-f0c3dac509e2\">https:\/\/acrobat.adobe.com\/id\/urn:aaid:sc:EU:62f8e8cc-9510-4801-9db1-f0c3dac509e2<\/a><\/p>\n\n\n\n<hr class=\"wp-block-separator has-alpha-channel-opacity\"\/>\n\n\n\n<p><a href=\"https:\/\/www.isnd.be\/primaire\/wp-content\/uploads\/Documents\/JustificatifAbsence.pdf\">Absence ou retard d&rsquo;un \u00e9l\u00e8ve<\/a><\/p>\n\n\n\n<hr class=\"wp-block-separator has-alpha-channel-opacity\"\/>\n\n\n\n<p><a href=\"https:\/\/www.isnd.be\/primaire\/wp-content\/uploads\/Documents\/Les%20amis%20de%20l'ISND.pdf\">Inscription \u00e0 l&rsquo;\u00e9tude (Les Amis de l&rsquo;ISND asbl)<\/a><\/p>\n\n\n\n<hr class=\"wp-block-separator has-alpha-channel-opacity\"\/>\n\n\n\n<p><a href=\"https:\/\/www.isnd.be\/primaire\/wp-content\/uploads\/Documents\/FormInscPriorMat2019.pdf\">Inscription prioritaire en maternelle<\/a><\/p>\n\n\n\n<hr class=\"wp-block-separator has-alpha-channel-opacity\"\/>\n","protected":false},"excerpt":{"rendered":"<p>Les documents suivants sont tous disponibles au format pdf (pour pouvoir les lire, le cas \u00e9ch\u00e9ant, installez Acrobat Reader; c&rsquo;est gratuit) Le dernier Bulletin d&rsquo;Information (BI) Projet \u00e9ducatif Projet d&rsquo;\u00e9tablissement R\u00e8glement d&rsquo;ordre int\u00e9rieurhttps:\/\/acrobat.adobe.com\/id\/urn:aaid:sc:EU:62f8e8cc-9510-4801-9db1-f0c3dac509e2 Absence ou retard d&rsquo;un \u00e9l\u00e8ve Inscription \u00e0 l&rsquo;\u00e9tude (Les Amis de l&rsquo;ISND asbl) Inscription prioritaire en maternelle<\/p>\n","protected":false},"author":1,"featured_media":0,"parent":0,"menu_order":0,"comment_status":"closed","ping_status":"closed","template":"","meta":{"jetpack_post_was_ever_published":false,"footnotes":""},"class_list":["post-46","page","type-page","status-publish","hentry"],"jetpack_sharing_enabled":true,"jetpack_shortlink":"https:\/\/wp.me\/Paec1s-K","_links":{"self":[{"href":"https:\/\/www.isnd.be\/primaire\/wp-json\/wp\/v2\/pages\/46","targetHints":{"allow":["GET"]}}],"collection":[{"href":"https:\/\/www.isnd.be\/primaire\/wp-json\/wp\/v2\/pages"}],"about":[{"href":"https:\/\/www.isnd.be\/primaire\/wp-json\/wp\/v2\/types\/page"}],"author":[{"embeddable":true,"href":"https:\/\/www.isnd.be\/primaire\/wp-json\/wp\/v2\/users\/1"}],"replies":[{"embeddable":true,"href":"https:\/\/www.isnd.be\/primaire\/wp-json\/wp\/v2\/comments?post=46"}],"version-history":[{"count":9,"href":"https:\/\/www.isnd.be\/primaire\/wp-json\/wp\/v2\/pages\/46\/revisions"}],"predecessor-version":[{"id":1662,"href":"https:\/\/www.isnd.be\/primaire\/wp-json\/wp\/v2\/pages\/46\/revisions\/1662"}],"wp:attachment":[{"href":"https:\/\/www.isnd.be\/primaire\/wp-json\/wp\/v2\/media?parent=46"}],"curies":[{"name":"wp","href":"https:\/\/api.w.org\/{rel}","templated":true}]}}