{"id":40,"date":"2018-09-02T17:49:32","date_gmt":"2018-09-02T15:49:32","guid":{"rendered":"https:\/\/www.isnd.be\/primaire\/?page_id=40"},"modified":"2023-07-24T14:31:36","modified_gmt":"2023-07-24T12:31:36","slug":"po","status":"publish","type":"page","link":"https:\/\/www.isnd.be\/primaire\/po\/","title":{"rendered":"PO"},"content":{"rendered":"<p>Le Pouvoir Organisateur de l&rsquo;ISND (maternel, primaire et secondaire) est l&rsquo;ASBL \u00ab\u00a0Institut des S\u0153urs de Notre-Dame \u00e0 Anderlecht\u00a0\u00bb (BE408.211.929 \u00e0 la BCE).<\/p>\n<p>Composition\u00a0:<\/p>\n<table style=\"width: 503px;\">\n<tbody>\n<tr>\n<td style=\"width: 117px;\" width=\"113\"><\/td>\n<td style=\"width: 99px;\" width=\"95\"><\/td>\n<td style=\"width: 287px;\" width=\"283\"><\/td>\n<\/tr>\n<tr>\n<td style=\"width: 117px;\" width=\"113\">Beeldens<\/td>\n<td style=\"width: 99px;\" width=\"95\">Beno\u00eet<\/td>\n<td style=\"width: 287px;\" width=\"283\">Administrateur \u2013 Secr\u00e9taire<\/td>\n<\/tr>\n<tr>\n<td style=\"width: 117px;\" width=\"113\">Charlier<\/td>\n<td style=\"width: 99px;\" width=\"95\">Pierre<\/td>\n<td style=\"width: 287px;\" width=\"283\">Administrateur<\/td>\n<\/tr>\n<tr>\n<td style=\"width: 117px;\" width=\"113\">De Roover<\/td>\n<td style=\"width: 99px;\" width=\"95\">Axel<\/td>\n<td style=\"width: 287px;\" width=\"283\">Administrateur-d\u00e9l\u00e9gu\u00e9 \u2013 Pr\u00e9sident<\/td>\n<\/tr>\n<tr>\n<td style=\"width: 117px;\" width=\"113\">De Roover<\/td>\n<td style=\"width: 99px;\" width=\"95\">Aur\u00e9lie<\/td>\n<td style=\"width: 287px;\" width=\"283\">Administratrice \u2013 Tr\u00e9sori\u00e8re<\/td>\n<\/tr>\n<tr>\n<td style=\"width: 117px;\" width=\"113\">Jamsin<\/td>\n<td style=\"width: 99px;\" width=\"95\">Dimitri<\/td>\n<td style=\"width: 287px;\" width=\"283\">Administrateur<\/td>\n<\/tr>\n<tr>\n<td style=\"width: 117px;\" width=\"113\">Van Brabant<\/td>\n<td style=\"width: 99px;\" width=\"95\">Barbara<\/td>\n<td style=\"width: 287px;\" width=\"283\">Administratrice<\/td>\n<\/tr>\n<tr>\n<td style=\"width: 117px;\" width=\"113\"><\/td>\n<td style=\"width: 99px;\" width=\"95\"><\/td>\n<td style=\"width: 287px;\" width=\"283\"><\/td>\n<\/tr>\n<\/tbody>\n<\/table>\n","protected":false},"excerpt":{"rendered":"<p>Le Pouvoir Organisateur de l&rsquo;ISND (maternel, primaire et secondaire) est l&rsquo;ASBL \u00ab\u00a0Institut des S\u0153urs de Notre-Dame \u00e0 Anderlecht\u00a0\u00bb (BE408.211.929 \u00e0 la BCE). Composition\u00a0: Beeldens Beno\u00eet Administrateur \u2013 Secr\u00e9taire Charlier Pierre Administrateur De Roover Axel Administrateur-d\u00e9l\u00e9gu\u00e9 \u2013 Pr\u00e9sident De Roover Aur\u00e9lie Administratrice \u2013 Tr\u00e9sori\u00e8re Jamsin Dimitri Administrateur Van Brabant Barbara Administratrice<\/p>\n","protected":false},"author":1,"featured_media":0,"parent":0,"menu_order":0,"comment_status":"closed","ping_status":"closed","template":"","meta":{"jetpack_post_was_ever_published":false,"footnotes":""},"class_list":["post-40","page","type-page","status-publish","hentry"],"jetpack_sharing_enabled":true,"jetpack_shortlink":"https:\/\/wp.me\/Paec1s-E","_links":{"self":[{"href":"https:\/\/www.isnd.be\/primaire\/wp-json\/wp\/v2\/pages\/40","targetHints":{"allow":["GET"]}}],"collection":[{"href":"https:\/\/www.isnd.be\/primaire\/wp-json\/wp\/v2\/pages"}],"about":[{"href":"https:\/\/www.isnd.be\/primaire\/wp-json\/wp\/v2\/types\/page"}],"author":[{"embeddable":true,"href":"https:\/\/www.isnd.be\/primaire\/wp-json\/wp\/v2\/users\/1"}],"replies":[{"embeddable":true,"href":"https:\/\/www.isnd.be\/primaire\/wp-json\/wp\/v2\/comments?post=40"}],"version-history":[{"count":3,"href":"https:\/\/www.isnd.be\/primaire\/wp-json\/wp\/v2\/pages\/40\/revisions"}],"predecessor-version":[{"id":1495,"href":"https:\/\/www.isnd.be\/primaire\/wp-json\/wp\/v2\/pages\/40\/revisions\/1495"}],"wp:attachment":[{"href":"https:\/\/www.isnd.be\/primaire\/wp-json\/wp\/v2\/media?parent=40"}],"curies":[{"name":"wp","href":"https:\/\/api.w.org\/{rel}","templated":true}]}}