{"id":21,"date":"2018-09-02T17:28:55","date_gmt":"2018-09-02T15:28:55","guid":{"rendered":"https:\/\/www.isnd.be\/primaire\/?page_id=21"},"modified":"2026-02-09T14:25:49","modified_gmt":"2026-02-09T13:25:49","slug":"inscriptions","status":"publish","type":"page","link":"https:\/\/www.isnd.be\/primaire\/inscriptions\/","title":{"rendered":"Inscriptions"},"content":{"rendered":"<p>Chers parents,<\/p>\n<p>Les demandes de <strong>pr\u00e9-inscriptions<\/strong> des nouveaux \u00e9l\u00e8ves \u00e0 l&rsquo;ISND primaire se font via le lien ci-apr\u00e8s<\/p>\n<p><a href=\"https:\/\/forms.gle\/6eDnHsUAwEEz5QC88\" target=\"_blank\" rel=\"noopener\">Formulaire de demande<\/a><\/p>\n<p>Les enfants seront alors mis sur liste d&rsquo;attente o\u00f9 les priorit\u00e9s seront d&rsquo;application pour attribuer les places disponibles. (Fr\u00e8re ou soeur d\u00e9j\u00e0 \u00e0 l&rsquo;ISND primaire, fr\u00e8re ou soeur \u00e0 l&rsquo;ISND maternelle, Fr\u00e8re ou soeur \u00e0 l&rsquo;ISND secondaire, tous les autres.)<\/p>\n<p>Les parents seront contact\u00e9s \u00e0 partir du mois d&rsquo;avril pour confirmer l&rsquo;inscription de l&rsquo;enfant et pour une prise de rendez-vous.<\/p>\n<p><strong>En remplissant ce formulaire vous vous engagez \u00e0 respecter le projet p\u00e9dagogique, le projet d&rsquo;\u00e9tablissement ainsi que notre R\u00e8glement d&rsquo;Ordre Int\u00e9rieur.<\/strong><\/p>\n","protected":false},"excerpt":{"rendered":"<p>Chers parents, Les demandes de pr\u00e9-inscriptions des nouveaux \u00e9l\u00e8ves \u00e0 l&rsquo;ISND primaire se font via le lien ci-apr\u00e8s Formulaire de demande Les enfants seront alors mis sur liste d&rsquo;attente o\u00f9 les priorit\u00e9s seront d&rsquo;application pour attribuer les places disponibles. (Fr\u00e8re ou soeur d\u00e9j\u00e0 \u00e0 l&rsquo;ISND primaire, fr\u00e8re ou soeur \u00e0 l&rsquo;ISND maternelle, Fr\u00e8re ou soeur [&hellip;]<\/p>\n","protected":false},"author":1,"featured_media":0,"parent":0,"menu_order":0,"comment_status":"closed","ping_status":"closed","template":"","meta":{"jetpack_post_was_ever_published":false,"footnotes":""},"class_list":["post-21","page","type-page","status-publish","hentry"],"jetpack_sharing_enabled":true,"jetpack_shortlink":"https:\/\/wp.me\/Paec1s-l","_links":{"self":[{"href":"https:\/\/www.isnd.be\/primaire\/wp-json\/wp\/v2\/pages\/21","targetHints":{"allow":["GET"]}}],"collection":[{"href":"https:\/\/www.isnd.be\/primaire\/wp-json\/wp\/v2\/pages"}],"about":[{"href":"https:\/\/www.isnd.be\/primaire\/wp-json\/wp\/v2\/types\/page"}],"author":[{"embeddable":true,"href":"https:\/\/www.isnd.be\/primaire\/wp-json\/wp\/v2\/users\/1"}],"replies":[{"embeddable":true,"href":"https:\/\/www.isnd.be\/primaire\/wp-json\/wp\/v2\/comments?post=21"}],"version-history":[{"count":13,"href":"https:\/\/www.isnd.be\/primaire\/wp-json\/wp\/v2\/pages\/21\/revisions"}],"predecessor-version":[{"id":2091,"href":"https:\/\/www.isnd.be\/primaire\/wp-json\/wp\/v2\/pages\/21\/revisions\/2091"}],"wp:attachment":[{"href":"https:\/\/www.isnd.be\/primaire\/wp-json\/wp\/v2\/media?parent=21"}],"curies":[{"name":"wp","href":"https:\/\/api.w.org\/{rel}","templated":true}]}}