{"id":1497,"date":"2023-07-24T14:36:34","date_gmt":"2023-07-24T12:36:34","guid":{"rendered":"https:\/\/www.isnd.be\/primaire\/?page_id=1497"},"modified":"2023-10-04T13:05:24","modified_gmt":"2023-10-04T11:05:24","slug":"asbl-baco","status":"publish","type":"page","link":"https:\/\/www.isnd.be\/primaire\/asbl-baco\/","title":{"rendered":"ASBL BACO"},"content":{"rendered":"<p>En compl\u00e9ment aux conditions g\u00e9n\u00e9rales de l&rsquo;ASBL BACO (disponibles sur leur site internet www.labc.be) veuillez prendre note de ce qui suit:<\/p>\n<p><em>\u00ab\u00a0Les accueils extrascolaire et p\u00e9riscolaire sont assur\u00e9s au sein de notre \u00e9tablissement par l\u2019\u00e9quipe d\u2019animation de l\u2019asbl BACO. Dans le cas o\u00f9 votre enfant y participe, une facture vous sera envoy\u00e9e mensuellement.<\/em><\/p>\n<p><em>Nous vous rassurons sur le fait que si votre enfant n\u2019y est jamais pr\u00e9sent, aucun frais d\u2019accueil ne vous sera factur\u00e9.<\/em><\/p>\n<p><em>Dans le cadre de ce partenariat, vous prenez acte, par le biais de ce pr\u00e9sent dossier d\u2019inscription, que vous serez redevable du paiement de ces temps d\u2019accueils \u00e0 l\u2019asbl BACO\u00a0\u00bb.\u00a0 <\/em><\/p>\n<p><img loading=\"lazy\" decoding=\"async\" data-attachment-id=\"1498\" data-permalink=\"https:\/\/www.isnd.be\/primaire\/asbl-baco\/capture-decran-2023-07-24-143544\/\" data-orig-file=\"https:\/\/www.isnd.be\/primaire\/wp-content\/uploads\/2023\/07\/Capture-decran-2023-07-24-143544.png\" data-orig-size=\"586,817\" data-comments-opened=\"1\" data-image-meta=\"{&quot;aperture&quot;:&quot;0&quot;,&quot;credit&quot;:&quot;&quot;,&quot;camera&quot;:&quot;&quot;,&quot;caption&quot;:&quot;&quot;,&quot;created_timestamp&quot;:&quot;0&quot;,&quot;copyright&quot;:&quot;&quot;,&quot;focal_length&quot;:&quot;0&quot;,&quot;iso&quot;:&quot;0&quot;,&quot;shutter_speed&quot;:&quot;0&quot;,&quot;title&quot;:&quot;&quot;,&quot;orientation&quot;:&quot;0&quot;}\" data-image-title=\"Capture d\u2019\u00e9cran 2023-07-24 143544\" data-image-description=\"\" data-image-caption=\"\" data-large-file=\"https:\/\/www.isnd.be\/primaire\/wp-content\/uploads\/2023\/07\/Capture-decran-2023-07-24-143544.png\" class=\"aligncenter wp-image-1498 size-full\" src=\"https:\/\/www.isnd.be\/primaire\/wp-content\/uploads\/2023\/07\/Capture-decran-2023-07-24-143544.png\" alt=\"\" width=\"586\" height=\"817\" srcset=\"https:\/\/www.isnd.be\/primaire\/wp-content\/uploads\/2023\/07\/Capture-decran-2023-07-24-143544.png 586w, https:\/\/www.isnd.be\/primaire\/wp-content\/uploads\/2023\/07\/Capture-decran-2023-07-24-143544-215x300.png 215w\" sizes=\"auto, (max-width: 586px) 100vw, 586px\" \/><\/p>\n","protected":false},"excerpt":{"rendered":"<p>En compl\u00e9ment aux conditions g\u00e9n\u00e9rales de l&rsquo;ASBL BACO (disponibles sur leur site internet www.labc.be) veuillez prendre note de ce qui suit: \u00ab\u00a0Les accueils extrascolaire et p\u00e9riscolaire sont assur\u00e9s au sein de notre \u00e9tablissement par l\u2019\u00e9quipe d\u2019animation de l\u2019asbl BACO. Dans le cas o\u00f9 votre enfant y participe, une facture vous sera envoy\u00e9e mensuellement. Nous vous [&hellip;]<\/p>\n","protected":false},"author":10,"featured_media":0,"parent":0,"menu_order":0,"comment_status":"closed","ping_status":"closed","template":"","meta":{"jetpack_post_was_ever_published":false,"footnotes":""},"class_list":["post-1497","page","type-page","status-publish","hentry"],"jetpack_sharing_enabled":true,"jetpack_shortlink":"https:\/\/wp.me\/Paec1s-o9","_links":{"self":[{"href":"https:\/\/www.isnd.be\/primaire\/wp-json\/wp\/v2\/pages\/1497","targetHints":{"allow":["GET"]}}],"collection":[{"href":"https:\/\/www.isnd.be\/primaire\/wp-json\/wp\/v2\/pages"}],"about":[{"href":"https:\/\/www.isnd.be\/primaire\/wp-json\/wp\/v2\/types\/page"}],"author":[{"embeddable":true,"href":"https:\/\/www.isnd.be\/primaire\/wp-json\/wp\/v2\/users\/10"}],"replies":[{"embeddable":true,"href":"https:\/\/www.isnd.be\/primaire\/wp-json\/wp\/v2\/comments?post=1497"}],"version-history":[{"count":3,"href":"https:\/\/www.isnd.be\/primaire\/wp-json\/wp\/v2\/pages\/1497\/revisions"}],"predecessor-version":[{"id":1559,"href":"https:\/\/www.isnd.be\/primaire\/wp-json\/wp\/v2\/pages\/1497\/revisions\/1559"}],"wp:attachment":[{"href":"https:\/\/www.isnd.be\/primaire\/wp-json\/wp\/v2\/media?parent=1497"}],"curies":[{"name":"wp","href":"https:\/\/api.w.org\/{rel}","templated":true}]}}