{"id":111,"date":"2018-09-29T10:16:52","date_gmt":"2018-09-29T08:16:52","guid":{"rendered":"https:\/\/www.isnd.be\/primaire\/?page_id=111"},"modified":"2020-07-01T14:43:36","modified_gmt":"2020-07-01T12:43:36","slug":"pms","status":"publish","type":"page","link":"https:\/\/www.isnd.be\/primaire\/pms\/","title":{"rendered":"PMS"},"content":{"rendered":"<p>L&rsquo;\u00e9quipe du Centre PMS est \u00e0 la disposition des \u00e9l\u00e8ves, des parents, des enseignants et des \u00e9ducateurs, pour toute question relative:<\/p>\n<p style=\"padding-left: 30px;\">\u2013 au d\u00e9veloppement personnel et social des \u00e9l\u00e8ves;<br \/>\n\u2013 \u00e0 leur adaptation scolaire et aux questions d&rsquo;apprentissage;<br \/>\n\u2013 au choix \u00e9ducatifs et p\u00e9dagogiques face aux besoins sp\u00e9cifiques;<br \/>\n\u2013 \u00e0 l&rsquo;orientation, au choix d&rsquo;\u00e9tudes ou de parcours de formation.<\/p>\n<p>Nous prenons en compte les aspects psychologiques, sociaux et m\u00e9dicaux qui influencent l&rsquo;\u00e9panouissement global de l&rsquo;enfant.<\/p>\n<p>Nos activit\u00e9s : entretiens \u2013 guidances \u2013 animations de groupe \u2013 participation aux conseils de classe \u2013 concertations \u2013 interface avec le r\u00e9seau \u2013 &#8230;<\/p>\n<p>Des temps de pr\u00e9sence r\u00e9guliers sont organis\u00e9es \u00e0 l&rsquo;\u00e9cole (horaire affich\u00e9 sur la porte du local PMS).<br \/>\nDes rendez-vous peuvent aussi \u00eatre fix\u00e9s au Centre PMS.<\/p>\n<p>Nos partenaires : Nous collaborons r\u00e9guli\u00e8rement avec le Service de Promotion et de Sant\u00e9 \u00e0 l&rsquo;\u00c9cole (SPSE), les centres de guidance, les Services d&rsquo;Aide \u00e0 la Jeunesse, les AMO, les \u00e9coles des devoirs &#8230;<\/p>\n<p>Notre \u00e9quipe travaille pour les \u00e9coles Institut des S\u0153urs de Notre-Dame (ISND) et Institut Marie Immacul\u00e9e (IMMI), d\u00e8s la classe d&rsquo;accueil jusqu&rsquo;\u00e0 la fin du secondaire.<\/p>\n<p>Tous ces services sont gratuits.<br \/>\nRenseignements compl\u00e9mentaires sur les Centre P.M.S. sur les sites\u00a0<a id=\"LPlnk829596\" class=\"OWAAutoLink\" href=\"http:\/\/www.enseignement.be\/\" target=\"_blank\" rel=\"noopener noreferrer\">www.enseignement.be<\/a>\u00a0et\u00a0<a id=\"LPlnk526246\" class=\"OWAAutoLink\" href=\"http:\/\/www.enseignement.catholique.be\/\" target=\"_blank\" rel=\"noopener noreferrer\">www.enseignement.catholique.be<\/a><\/p>\n<p>La guidance n&rsquo;est pas une obligation. Si elle n&rsquo;est pas souhait\u00e9e par les parents un document est \u00e0 signer par ces derniers (cf Article 16 de l&rsquo;Arr\u00eat\u00e9 royal organique des C.P.M.S.)<\/p>\n<hr \/>\n<p><strong>Comment joindre le Centre P.M.S. Libre Saint-Gilles II ?<\/strong><\/p>\n<p>Du lundi au vendredi de 8h30 \u00e0 12h30 et de 13h30 \u00e0 16h30 except\u00e9 le mardi apr\u00e8s-midi<br \/>\nFermeture du centre pendant les cong\u00e9s scolaires et du 13\/07 au 21\/08<br \/>\nCentre P.M.S. libre de Saint-Gilles 2 \u2013 Rue de l&rsquo;\u00c9glise, 59 \u2013 1060 Bruxelles<br \/>\nTel: 02\/541.81.38<br \/>\nE-mail: <a class=\"moz-txt-link-abbreviated\" href=\"mailto:cpmsc@opsg.be\" rel=\"noreferrer\">cpmsc@opsg.be<\/a><\/p>\n<p>M\u00e9tro : lignes 2, 6 \u2013 station Porte de Halle (sortie 3)<br \/>\nTrams : lignes 3, 4, 51 \u2013 arr\u00eat Parvis Saint-Gilles<br \/>\nBus: lignes 4, N12 \u2013 arr\u00eat Parvis Saint-Gilles<\/p>\n","protected":false},"excerpt":{"rendered":"<p>L&rsquo;\u00e9quipe du Centre PMS est \u00e0 la disposition des \u00e9l\u00e8ves, des parents, des enseignants et des \u00e9ducateurs, pour toute question relative: \u2013 au d\u00e9veloppement personnel et social des \u00e9l\u00e8ves; \u2013 \u00e0 leur adaptation scolaire et aux questions d&rsquo;apprentissage; \u2013 au choix \u00e9ducatifs et p\u00e9dagogiques face aux besoins sp\u00e9cifiques; \u2013 \u00e0 l&rsquo;orientation, au choix d&rsquo;\u00e9tudes ou [&hellip;]<\/p>\n","protected":false},"author":1,"featured_media":0,"parent":0,"menu_order":0,"comment_status":"closed","ping_status":"closed","template":"","meta":{"jetpack_post_was_ever_published":false,"footnotes":""},"class_list":["post-111","page","type-page","status-publish","hentry"],"jetpack_sharing_enabled":true,"jetpack_shortlink":"https:\/\/wp.me\/Paec1s-1N","_links":{"self":[{"href":"https:\/\/www.isnd.be\/primaire\/wp-json\/wp\/v2\/pages\/111","targetHints":{"allow":["GET"]}}],"collection":[{"href":"https:\/\/www.isnd.be\/primaire\/wp-json\/wp\/v2\/pages"}],"about":[{"href":"https:\/\/www.isnd.be\/primaire\/wp-json\/wp\/v2\/types\/page"}],"author":[{"embeddable":true,"href":"https:\/\/www.isnd.be\/primaire\/wp-json\/wp\/v2\/users\/1"}],"replies":[{"embeddable":true,"href":"https:\/\/www.isnd.be\/primaire\/wp-json\/wp\/v2\/comments?post=111"}],"version-history":[{"count":4,"href":"https:\/\/www.isnd.be\/primaire\/wp-json\/wp\/v2\/pages\/111\/revisions"}],"predecessor-version":[{"id":480,"href":"https:\/\/www.isnd.be\/primaire\/wp-json\/wp\/v2\/pages\/111\/revisions\/480"}],"wp:attachment":[{"href":"https:\/\/www.isnd.be\/primaire\/wp-json\/wp\/v2\/media?parent=111"}],"curies":[{"name":"wp","href":"https:\/\/api.w.org\/{rel}","templated":true}]}}